{"id":778,"date":"2017-04-11T11:14:13","date_gmt":"2017-04-11T09:14:13","guid":{"rendered":"http:\/\/blog.manpowergroup.be\/?page_id=778"},"modified":"2017-04-11T11:35:28","modified_gmt":"2017-04-11T09:35:28","slug":"travailler-chez-manpowergroup","status":"publish","type":"page","link":"https:\/\/manpowergroup.be\/fr\/travailler-chez-manpowergroup\/","title":{"rendered":"Travailler chez ManpowerGroup"},"content":{"rendered":"<h1><span style=\"font-weight: 400;\">Travailler chez ManpowerGroup<\/span><\/h1>\n<p><span style=\"font-weight: 400;\">A l\u2019heure de la quatri\u00e8me r\u00e9volution industrielle et du Human Age 2.0, le travail ne cesse de se r\u00e9inventer. Chez ManpowerGroup, nous recherchons les <\/span><b>meilleurs talents<\/b><span style=\"font-weight: 400;\">\u2026pour trouver les <\/span><b>meilleures solutions<\/b><span style=\"font-weight: 400;\"> pour nos clients. Pionnier du secteur des ressources humaines, nous transformons aujourd\u2019hui le monde du recrutement. Nous affichons des <\/span><b>nouvelles ambitions<\/b><span style=\"font-weight: 400;\"> de croissance et proposons des <\/span><b>carri\u00e8res passionnantes<\/b><span style=\"font-weight: 400;\">. Voulez-vous relever ces d\u00e9fis avec nous ? D\u00e9couvrez nos offres d\u2019emploi. <\/span><b>Bienvenue chez ManpowerGroup !<\/b><\/p>\n<p style=\"text-align: center;\"><iframe src=\"https:\/\/www.youtube.com\/embed\/BbXthnnfOD8\" width=\"560\" height=\"315\" frameborder=\"0\" allowfullscreen=\"allowfullscreen\"><\/iframe><\/p>\n<p style=\"text-align: center;\">\n","protected":false},"excerpt":{"rendered":"<p>Travailler chez ManpowerGroup A l\u2019heure de la quatri\u00e8me r\u00e9volution industrielle et du Human Age 2.0, le travail ne cesse de se r\u00e9inventer. Chez ManpowerGroup, nous recherchons<span class=\"excerpt-hellip\"> [\u2026]<\/span><\/p>\n","protected":false},"author":4,"featured_media":0,"parent":0,"menu_order":0,"comment_status":"closed","ping_status":"closed","template":"","meta":{"footnotes":""},"class_list":["post-778","page","type-page","status-publish","hentry"],"_links":{"self":[{"href":"https:\/\/manpowergroup.be\/fr\/wp-json\/wp\/v2\/pages\/778","targetHints":{"allow":["GET"]}}],"collection":[{"href":"https:\/\/manpowergroup.be\/fr\/wp-json\/wp\/v2\/pages"}],"about":[{"href":"https:\/\/manpowergroup.be\/fr\/wp-json\/wp\/v2\/types\/page"}],"author":[{"embeddable":true,"href":"https:\/\/manpowergroup.be\/fr\/wp-json\/wp\/v2\/users\/4"}],"replies":[{"embeddable":true,"href":"https:\/\/manpowergroup.be\/fr\/wp-json\/wp\/v2\/comments?post=778"}],"version-history":[{"count":5,"href":"https:\/\/manpowergroup.be\/fr\/wp-json\/wp\/v2\/pages\/778\/revisions"}],"predecessor-version":[{"id":789,"href":"https:\/\/manpowergroup.be\/fr\/wp-json\/wp\/v2\/pages\/778\/revisions\/789"}],"wp:attachment":[{"href":"https:\/\/manpowergroup.be\/fr\/wp-json\/wp\/v2\/media?parent=778"}],"curies":[{"name":"wp","href":"https:\/\/api.w.org\/{rel}","templated":true}]}}