{"id":4347,"date":"2021-01-14T14:35:20","date_gmt":"2021-01-14T13:35:20","guid":{"rendered":"https:\/\/manpowergroup.be\/?page_id=4347"},"modified":"2022-07-15T16:54:14","modified_gmt":"2022-07-15T14:54:14","slug":"jefferson-wells","status":"publish","type":"page","link":"https:\/\/manpowergroup.be\/fr\/jefferson-wells\/","title":{"rendered":"Jefferson Wells"},"content":{"rendered":"<h1><span class=\"TextRun SCXW221957420 BCX0\" lang=\"FR-BE\" xml:lang=\"FR-BE\" data-contrast=\"auto\"><span class=\"NormalTextRun SCXW221957420 BCX0\">Pensez-vous que\u00a0<\/span><\/span><span class=\"TextRun SCXW221957420 BCX0\" lang=\"FR-BE\" xml:lang=\"FR-BE\" data-contrast=\"auto\"><span class=\"NormalTextRun SCXW221957420 BCX0\">la<\/span><\/span><span class=\"TextRun SCXW221957420 BCX0\" lang=\"FR-BE\" xml:lang=\"FR-BE\" data-contrast=\"auto\"><span class=\"NormalTextRun SCXW221957420 BCX0\">\u00a0performance<\/span><\/span><span class=\"TextRun SCXW221957420 BCX0\" lang=\"FR-BE\" xml:lang=\"FR-BE\" data-contrast=\"auto\"><span class=\"NormalTextRun SCXW221957420 BCX0\">\u00a0de votre entreprise\u00a0<\/span><\/span><span class=\"TextRun SCXW221957420 BCX0\" lang=\"FR-BE\" xml:lang=\"FR-BE\" data-contrast=\"auto\"><span class=\"NormalTextRun SCXW221957420 BCX0\">d\u00e9pend de la capacit\u00e9 d\u2019innovation, du savoir-faire et de<\/span><\/span><span class=\"TextRun SCXW221957420 BCX0\" lang=\"FR-BE\" xml:lang=\"FR-BE\" data-contrast=\"auto\"><span class=\"NormalTextRun SCXW221957420 BCX0\">s\u00a0<\/span><\/span><span class=\"TextRun SCXW221957420 BCX0\" lang=\"FR-BE\" xml:lang=\"FR-BE\" data-contrast=\"auto\"><span class=\"NormalTextRun SCXW221957420 BCX0\">soft\u00a0<\/span><\/span><span class=\"TextRun SCXW221957420 BCX0\" lang=\"FR-BE\" xml:lang=\"FR-BE\" data-contrast=\"auto\"><span class=\"NormalTextRun SpellingErrorV2 SCXW221957420 BCX0\">skills<\/span><\/span><span class=\"TextRun SCXW221957420 BCX0\" lang=\"FR-BE\" xml:lang=\"FR-BE\" data-contrast=\"auto\"><span class=\"NormalTextRun SCXW221957420 BCX0\">\u00a0de vos experts\u202f?\u00a0<\/span><\/span><span class=\"EOP SCXW221957420 BCX0\" data-ccp-props=\"{&quot;201341983&quot;:0,&quot;335559739&quot;:160,&quot;335559740&quot;:259}\">\u00a0<\/span><\/h1>\n<h2><span class=\"TextRun SCXW232645930 BCX0\" lang=\"FR-BE\" xml:lang=\"FR-BE\" data-contrast=\"auto\"><span class=\"NormalTextRun SCXW232645930 BCX0\">Nos experts et nos solutions dans les domaines de l\u2019Engineering, des Sciences de la vie<\/span><\/span><span class=\"TextRun SCXW232645930 BCX0\" lang=\"FR-BE\" xml:lang=\"FR-BE\" data-contrast=\"auto\"><span class=\"NormalTextRun SCXW232645930 BCX0\">\u00a0portent le m\u00eame nom\u202f:\u00a0<\/span><\/span><span class=\"TextRun SCXW232645930 BCX0\" lang=\"FR-BE\" xml:lang=\"FR-BE\" data-contrast=\"auto\"><span class=\"NormalTextRun SCXW232645930 BCX0\">Jefferson Wells&#x2122;<\/span><\/span><span class=\"TextRun SCXW232645930 BCX0\" lang=\"FR-BE\" xml:lang=\"FR-BE\" data-contrast=\"auto\"><span class=\"NormalTextRun SCXW232645930 BCX0\">.<\/span><\/span><span class=\"EOP SCXW232645930 BCX0\" data-ccp-props=\"{&quot;201341983&quot;:0,&quot;335559739&quot;:160,&quot;335559740&quot;:259}\">\u00a0<\/span><\/h2>\n<p><img decoding=\"async\" class=\"alignright wp-image-4345 size-full\" src=\"https:\/\/manpowergroup.be\/wp-content\/uploads\/2021\/01\/logo-jw-ok.png\" alt=\"\" width=\"125\" height=\"125\" srcset=\"https:\/\/manpowergroup.be\/wp-content\/uploads\/2021\/01\/logo-jw-ok.png 125w, https:\/\/manpowergroup.be\/wp-content\/uploads\/2021\/01\/logo-jw-ok-50x50.png 50w, https:\/\/manpowergroup.be\/wp-content\/uploads\/2021\/01\/logo-jw-ok-75x75.png 75w, https:\/\/manpowergroup.be\/wp-content\/uploads\/2021\/01\/logo-jw-ok-85x85.png 85w, https:\/\/manpowergroup.be\/wp-content\/uploads\/2021\/01\/logo-jw-ok-80x80.png 80w\" sizes=\"(max-width: 125px) 100vw, 125px\" \/><\/p>\n<p><span data-contrast=\"auto\">Jefferson Wells met en relation des professionnels hautement qualifi\u00e9s avec des organisations pour\u00a0<\/span><b><span data-contrast=\"auto\">stimuler leur croissance et leur performance<\/span><\/b><span data-contrast=\"auto\">.\u00a0<\/span><span data-contrast=\"auto\">Notre\u00a0<\/span><b><span data-contrast=\"auto\">mission<\/span><\/b><span data-contrast=\"auto\">\u00a0consiste \u00e0 attirer, \u00e9valuer et d\u00e9velopper les talents fortement demand\u00e9s dans les secteurs de\u00a0<\/span><b><span data-contrast=\"auto\">l&rsquo;ing\u00e9nierie, des sciences de la vie<\/span><\/b><span data-contrast=\"auto\">. Jefferson Wells propose des solutions \u00e0 haute valeur ajout\u00e9e dans les\u202fdomaines du recrutement, de la consultance et de la gestion de projets.<\/span><\/p>\n<p>&nbsp;<\/p>\n<p><iframe title=\"Jefferson Wells Belgium\" width=\"1200\" height=\"675\" src=\"https:\/\/www.youtube.com\/embed\/l8gqUBquEEo?feature=oembed&#038;enablejsapi=1&#038;origin=https:\/\/manpowergroup.be\" frameborder=\"0\" allow=\"accelerometer; autoplay; clipboard-write; encrypted-media; gyroscope; picture-in-picture\" allowfullscreen><\/iframe><\/p>\n<h2><\/h2>\n<h2>Les solutions<\/h2>\n<p><span class=\"TextRun BCX0 SCXW197728520\" lang=\"FR-BE\" xml:lang=\"FR-BE\" data-contrast=\"auto\"><span class=\"NormalTextRun BCX0 SCXW197728520\" data-ccp-parastyle=\"Normal (Web)\">Transformer<\/span><\/span><span class=\"TextRun BCX0 SCXW197728520\" lang=\"FR-BE\" xml:lang=\"FR-BE\" data-contrast=\"auto\"><span class=\"NormalTextRun BCX0 SCXW197728520\" data-ccp-parastyle=\"Normal (Web)\">\u00a0les challenges en opportunit\u00e9s. Acc\u00e9l\u00e9rer les carri\u00e8res. D\u00e9velopper la croissance des entreprises. De l\u2019int\u00e9rim \u00e0 la consultance, en passant par le recrutement ou la gestion compl\u00e8te de projets,\u00a0<\/span><\/span><strong><span class=\"TextRun BCX0 SCXW197728520\" lang=\"FR-BE\" xml:lang=\"FR-BE\" data-contrast=\"auto\"><span class=\"NormalTextRun BCX0 SCXW197728520\" data-ccp-parastyle=\"Normal (Web)\">nous d\u00e9livrons des solutions ayant un impact plus \u00e9lev\u00e9 que les attentes de nos clients<\/span><\/span><span class=\"TextRun BCX0 SCXW197728520\" lang=\"FR-BE\" xml:lang=\"FR-BE\" data-contrast=\"auto\"><span class=\"NormalTextRun BCX0 SCXW197728520\" data-ccp-parastyle=\"Normal (Web)\">.<\/span><\/span><span class=\"EOP BCX0 SCXW197728520\" data-ccp-props=\"{&quot;134233117&quot;:true,&quot;134233118&quot;:true,&quot;201341983&quot;:0,&quot;335559685&quot;:284,&quot;335559737&quot;:720,&quot;335559740&quot;:276,&quot;469777462&quot;:[284,10915,11057,11482],&quot;469777927&quot;:[0,0,0,0],&quot;469777928&quot;:[1,1,1,1]}\">\u00a0<\/span><\/strong><\/p>\n","protected":false},"excerpt":{"rendered":"<p>Pensez-vous que\u00a0la\u00a0performance\u00a0de votre entreprise\u00a0d\u00e9pend de la capacit\u00e9 d\u2019innovation, du savoir-faire et des\u00a0soft\u00a0skills\u00a0de vos experts\u202f?\u00a0\u00a0 Nos experts et nos solutions dans les domaines de l\u2019Engineering, des Sciences<span class=\"excerpt-hellip\"> [\u2026]<\/span><\/p>\n","protected":false},"author":4,"featured_media":0,"parent":0,"menu_order":0,"comment_status":"closed","ping_status":"closed","template":"","meta":{"footnotes":""},"class_list":["post-4347","page","type-page","status-publish","hentry"],"_links":{"self":[{"href":"https:\/\/manpowergroup.be\/fr\/wp-json\/wp\/v2\/pages\/4347","targetHints":{"allow":["GET"]}}],"collection":[{"href":"https:\/\/manpowergroup.be\/fr\/wp-json\/wp\/v2\/pages"}],"about":[{"href":"https:\/\/manpowergroup.be\/fr\/wp-json\/wp\/v2\/types\/page"}],"author":[{"embeddable":true,"href":"https:\/\/manpowergroup.be\/fr\/wp-json\/wp\/v2\/users\/4"}],"replies":[{"embeddable":true,"href":"https:\/\/manpowergroup.be\/fr\/wp-json\/wp\/v2\/comments?post=4347"}],"version-history":[{"count":9,"href":"https:\/\/manpowergroup.be\/fr\/wp-json\/wp\/v2\/pages\/4347\/revisions"}],"predecessor-version":[{"id":8496,"href":"https:\/\/manpowergroup.be\/fr\/wp-json\/wp\/v2\/pages\/4347\/revisions\/8496"}],"wp:attachment":[{"href":"https:\/\/manpowergroup.be\/fr\/wp-json\/wp\/v2\/media?parent=4347"}],"curies":[{"name":"wp","href":"https:\/\/api.w.org\/{rel}","templated":true}]}}