{"id":3731,"date":"2020-05-18T08:57:52","date_gmt":"2020-05-18T06:57:52","guid":{"rendered":"https:\/\/manpowergroup.be\/?page_id=3731"},"modified":"2025-09-05T15:13:47","modified_gmt":"2025-09-05T13:13:47","slug":"talent-solutions","status":"publish","type":"page","link":"https:\/\/manpowergroup.be\/fr\/talent-solutions\/","title":{"rendered":"Talent Solutions"},"content":{"rendered":"<h1>Comment optimiser la gestion des talents tout au long de leur cycle de vie ?<\/h1>\n<h2>Talent Solutions aide les entreprises \u00e0 se transformer et r\u00e9pond \u00e0 leurs besoins complexes dans le domaine des ressources humaines.<\/h2>\n<p>&nbsp;<\/p>\n<p><img decoding=\"async\" class=\"alignright wp-image-3576 size-full\" src=\"https:\/\/manpowergroup.be\/wp-content\/uploads\/2020\/04\/talent125w.png\" alt=\"\" width=\"161\" height=\"125\" srcset=\"https:\/\/manpowergroup.be\/wp-content\/uploads\/2020\/04\/talent125w.png 161w, https:\/\/manpowergroup.be\/wp-content\/uploads\/2020\/04\/talent125w-50x39.png 50w, https:\/\/manpowergroup.be\/wp-content\/uploads\/2020\/04\/talent125w-97x75.png 97w\" sizes=\"(max-width: 161px) 100vw, 161px\" \/><\/p>\n<p><strong>Talent Solutions<\/strong> int\u00e8gre nos services sp\u00e9cialis\u00e9s \u2013 <strong>RPO<\/strong> (Recruitment Process Outsourcing), <strong>TAPFIN<\/strong>&#8211;<strong>MSP<\/strong> (Managed Service Provider) et <strong>Right Management<\/strong> (Talent Management &amp; Outplacement) \u2013 afin de vous <strong>aider \u00e0 optimiser votre gestion de ressources humaines<\/strong>.<\/p>\n<p><b><span data-contrast=\"none\">Leader mondial sur ces trois segments<\/span><\/b><span data-contrast=\"none\">,\u00a0<\/span><b><span data-contrast=\"none\">nous offrons des solutions compl\u00e8tes sur l\u2019ensemble du cycle de vie des talents.<\/span><\/b><span data-contrast=\"none\">\u00a0Attirer, recruter et perfectionner vos talents, les faire \u00e9voluer et les\u00a0<\/span><span data-contrast=\"none\">fid\u00e9liser : nous mettons \u00e0 votre service les meilleures technologies et notre connaissance approfondie du march\u00e9 RH dans de tr\u00e8s nombreux pays, \u00e0 tr\u00e8s grande \u00e9chelle.<\/span><span data-ccp-props=\"{&quot;201341983&quot;:0,&quot;335559739&quot;:160,&quot;335559740&quot;:259}\">\u00a0<\/span><\/p>\n<p><b><span data-contrast=\"none\">Notre approche unique aide les entreprises \u00e0 gagn<\/span><\/b><b><span data-contrast=\"none\">er en agilit\u00e9 et en flexibilit\u00e9<\/span><\/b><span data-contrast=\"none\">\u202fen repensant la fa\u00e7on de se transformer et en adaptant leur mod\u00e8le op\u00e9rationnel pour mieux g\u00e9rer les situations de croissance et de d\u00e9croissance<\/span><b><span data-contrast=\"none\">.<\/span><\/b><span data-ccp-props=\"{&quot;201341983&quot;:2,&quot;335559739&quot;:160,&quot;335559740&quot;:336}\">\u00a0<\/span><\/p>\n<p>&nbsp;<\/p>\n<h3>Talent Solutions : les solutions<\/h3>\n<p><span data-contrast=\"none\">Quelle que soit la phase de d\u00e9veloppement dans laquelle une entreprise se situe, elle a besoin d\u2019adapter ses effectifs en permanence afin de gagner en agilit\u00e9 pour optimiser la performance de son organisation. Talent Solutions int\u00e8gre toutes les capacit\u00e9s et expertises de ses consultants associ\u00e9es \u00e0 des solutions innovantes et digitales pour r\u00e9pondre \u00e0 chacune de ces situations.<\/span><span data-ccp-props=\"{&quot;201341983&quot;:2,&quot;335559739&quot;:300,&quot;335559740&quot;:336}\">\u00a0<\/span><\/p>\n","protected":false},"excerpt":{"rendered":"<p>Comment optimiser la gestion des talents tout au long de leur cycle de vie ? Talent Solutions aide les entreprises \u00e0 se transformer et r\u00e9pond \u00e0<span class=\"excerpt-hellip\"> [\u2026]<\/span><\/p>\n","protected":false},"author":4,"featured_media":0,"parent":0,"menu_order":0,"comment_status":"closed","ping_status":"closed","template":"","meta":{"footnotes":""},"class_list":["post-3731","page","type-page","status-publish","hentry"],"_links":{"self":[{"href":"https:\/\/manpowergroup.be\/fr\/wp-json\/wp\/v2\/pages\/3731","targetHints":{"allow":["GET"]}}],"collection":[{"href":"https:\/\/manpowergroup.be\/fr\/wp-json\/wp\/v2\/pages"}],"about":[{"href":"https:\/\/manpowergroup.be\/fr\/wp-json\/wp\/v2\/types\/page"}],"author":[{"embeddable":true,"href":"https:\/\/manpowergroup.be\/fr\/wp-json\/wp\/v2\/users\/4"}],"replies":[{"embeddable":true,"href":"https:\/\/manpowergroup.be\/fr\/wp-json\/wp\/v2\/comments?post=3731"}],"version-history":[{"count":12,"href":"https:\/\/manpowergroup.be\/fr\/wp-json\/wp\/v2\/pages\/3731\/revisions"}],"predecessor-version":[{"id":4529,"href":"https:\/\/manpowergroup.be\/fr\/wp-json\/wp\/v2\/pages\/3731\/revisions\/4529"}],"wp:attachment":[{"href":"https:\/\/manpowergroup.be\/fr\/wp-json\/wp\/v2\/media?parent=3731"}],"curies":[{"name":"wp","href":"https:\/\/api.w.org\/{rel}","templated":true}]}}