{"id":170,"date":"2017-03-02T15:30:28","date_gmt":"2017-03-02T14:30:28","guid":{"rendered":"http:\/\/blog.manpowergroup.be\/?page_id=170"},"modified":"2025-10-06T15:05:05","modified_gmt":"2025-10-06T13:05:05","slug":"espace-presse","status":"publish","type":"page","link":"https:\/\/manpowergroup.be\/fr\/espace-presse\/","title":{"rendered":"Espace Presse"},"content":{"rendered":"<div class=\"wpb-content-wrapper\"><p>[vc_row][vc_column][vc_column_text]<\/p>\n<h1>Espace\u00a0Presse<\/h1>\n<p>Gr\u00e2ce \u00e0 notre position de leader au coeur du march\u00e9 mondial du travail, ManpowerGroup est un observateur privil\u00e9gi\u00e9 des tendances de l\u2019emploi. Nos \u00e9tudes, nos publications ou nos <strong>white papers<\/strong> sont des <strong>sources d\u2019informations relevantes<\/strong> et font r\u00e9guli\u00e8rement <strong>la une des m\u00e9dias<\/strong> nationaux et internationaux. Nos experts se tiennent \u00e0 votre disposition pour partager leurs connaissances. N\u2019h\u00e9sitez pas \u00e0 contacter notre service de presse.<\/p>\n<p><strong>Tous nos communiqu\u00e9s de presse sont disponibles sur la page <a href=\"https:\/\/manpowergroup.be\/fr\/knowledge-center\/\">ManpowerGroup Knowledge Center.<\/a><\/strong><\/p>\n<p>&nbsp;<\/p>\n<h2>Press Kit<\/h2>\n<p><strong>ManpowerGroup Boilerplates<\/strong><\/p>\n<p>Notre <a href=\"https:\/\/manpowergroup.be\/wp-content\/uploads\/2025\/09\/Boilerplate_2025_BEFR.pdf\" target=\"_blank\" rel=\"noopener\">ManpowerGroup Boilerplate<\/a> pr\u00e9sente de fa\u00e7on synth\u00e9tique chacune des marques de ManpowerGroup.<\/p>\n<p>&nbsp;<\/p>\n<p>&nbsp;<\/p>\n<p>&nbsp;<\/p>\n<p><strong>ManpowerGroup Corporate Fact Sheet<\/strong><\/p>\n<p>Notre <a href=\"https:\/\/manpowergroup.be\/wp-content\/uploads\/2025\/09\/FactsFigures_2025_BEFR.pdf\" target=\"_blank\" rel=\"noopener\">Corporate Fact sheet<\/a> reprend les principaux faits et chiffres des marques de ManpowerGroup, en Belgique \/ Luxembourg et dans le monde.<\/p>\n<p><a href=\"https:\/\/manpowergroup.be\/wp-content\/uploads\/2025\/04\/FactsFigures_2025_BEFR.pdf\" target=\"_blank\" rel=\"noopener\"><img fetchpriority=\"high\" decoding=\"async\" class=\"alignnone wp-image-8553 size-medium\" src=\"https:\/\/manpowergroup.be\/wp-content\/uploads\/2022\/07\/BEFR-THUMBNAIL-FACT-SHEET-2022-212x300.png\" alt=\"\" width=\"212\" height=\"300\" srcset=\"https:\/\/manpowergroup.be\/wp-content\/uploads\/2022\/07\/BEFR-THUMBNAIL-FACT-SHEET-2022-212x300.png 212w, https:\/\/manpowergroup.be\/wp-content\/uploads\/2022\/07\/BEFR-THUMBNAIL-FACT-SHEET-2022-103x146.png 103w, https:\/\/manpowergroup.be\/wp-content\/uploads\/2022\/07\/BEFR-THUMBNAIL-FACT-SHEET-2022-35x50.png 35w, https:\/\/manpowergroup.be\/wp-content\/uploads\/2022\/07\/BEFR-THUMBNAIL-FACT-SHEET-2022-53x75.png 53w, https:\/\/manpowergroup.be\/wp-content\/uploads\/2022\/07\/BEFR-THUMBNAIL-FACT-SHEET-2022.png 574w\" sizes=\"(max-width: 212px) 100vw, 212px\" \/><\/a><\/p>\n<p>&nbsp;<\/p>\n<h2>Banque d\u2019images<\/h2>\n<ul>\n<li><span data-olk-copy-source=\"MessageBody\">Ronny Lommelen<\/span>, <span data-olk-copy-source=\"MessageBody\">Country Manager ManpowerGroup BeLux<\/span> : <a href=\"https:\/\/manpowergroup.be\/wp-content\/uploads\/2025\/10\/Ronny-Lommelen_ManpowerGroup_BeLux_Blue-Background.png\" target=\"_blank\" rel=\"noopener\">photo 1<\/a>, <a href=\"https:\/\/manpowergroup.be\/wp-content\/uploads\/2025\/10\/Ronny-Lommelen_ManpowerGroup-BeLux_White-Background.png\" target=\"_blank\" rel=\"noopener\">photo 2<\/a>, <a href=\"https:\/\/manpowergroup.be\/wp-content\/uploads\/2025\/10\/Ronny-Lommelen_ManpowerGroup-BeLux_with-logo-1.png\" target=\"_blank\" rel=\"noopener\">photo 3<\/a><\/li>\n<li>Logos des diff\u00e9rentes marques de ManpowerGroup : <a href=\"https:\/\/www.manpowergroup.com\/media-center\/visual-libraries\/logos\" target=\"_blank\" rel=\"noopener noreferrer\">cliquez ici<\/a>.<\/li>\n<\/ul>\n<p>&nbsp;<\/p>\n<h2>Contact<\/h2>\n<p><span style=\"font-weight: 400;\"><br \/>\n<\/span><span style=\"font-weight: 400;\"><strong>ManpowerGroup Belgium Press Office<\/strong><\/span><\/p>\n<p><span style=\"font-weight: 400;\">T\u00e9l. : +32 2 639 10 70<\/span><\/p>\n<p><span style=\"font-weight: 400;\">ManpowerGroup Belux<br \/>\n<\/span><span style=\"font-weight: 400;\">De Kleetlaan 3<br \/>\n<\/span><span style=\"font-weight: 400;\">B-1831 Diegem<br \/>\n<\/span><span style=\"font-weight: 400;\">Belgique<\/span><\/p>\n<p>[\/vc_column_text][\/vc_column][\/vc_row]<\/p>\n<div id=\"ConnectiveDocSignExtentionInstalled\" data-extension-version=\"1.0.4\"><\/div>\n<\/div>","protected":false},"excerpt":{"rendered":"<p>[vc_row][vc_column][vc_column_text] Espace\u00a0Presse Gr\u00e2ce \u00e0 notre position de leader au coeur du march\u00e9 mondial du travail, ManpowerGroup est un observateur privil\u00e9gi\u00e9 des tendances de l\u2019emploi. Nos \u00e9tudes,<span class=\"excerpt-hellip\"> [\u2026]<\/span><\/p>\n","protected":false},"author":4,"featured_media":0,"parent":0,"menu_order":0,"comment_status":"closed","ping_status":"closed","template":"","meta":{"footnotes":""},"class_list":["post-170","page","type-page","status-publish","hentry"],"_links":{"self":[{"href":"https:\/\/manpowergroup.be\/fr\/wp-json\/wp\/v2\/pages\/170","targetHints":{"allow":["GET"]}}],"collection":[{"href":"https:\/\/manpowergroup.be\/fr\/wp-json\/wp\/v2\/pages"}],"about":[{"href":"https:\/\/manpowergroup.be\/fr\/wp-json\/wp\/v2\/types\/page"}],"author":[{"embeddable":true,"href":"https:\/\/manpowergroup.be\/fr\/wp-json\/wp\/v2\/users\/4"}],"replies":[{"embeddable":true,"href":"https:\/\/manpowergroup.be\/fr\/wp-json\/wp\/v2\/comments?post=170"}],"version-history":[{"count":141,"href":"https:\/\/manpowergroup.be\/fr\/wp-json\/wp\/v2\/pages\/170\/revisions"}],"predecessor-version":[{"id":15031,"href":"https:\/\/manpowergroup.be\/fr\/wp-json\/wp\/v2\/pages\/170\/revisions\/15031"}],"wp:attachment":[{"href":"https:\/\/manpowergroup.be\/fr\/wp-json\/wp\/v2\/media?parent=170"}],"curies":[{"name":"wp","href":"https:\/\/api.w.org\/{rel}","templated":true}]}}