{"id":168,"date":"2017-03-02T15:30:20","date_gmt":"2017-03-02T14:30:20","guid":{"rendered":"http:\/\/blog.manpowergroup.be\/?page_id=168"},"modified":"2022-07-15T20:43:51","modified_gmt":"2022-07-15T18:43:51","slug":"donnees-financieres","status":"publish","type":"page","link":"https:\/\/manpowergroup.be\/fr\/donnees-financieres\/","title":{"rendered":"Donn\u00e9es financi\u00e8res"},"content":{"rendered":"<h1>Donn\u00e9es financi\u00e8res<\/h1>\n<p><span style=\"font-weight: 400;\">ManpowerGroup vous invite \u00e0 prendre connaissance de ses r\u00e9sultats financiers.<\/span><\/p>\n<p>Envie de prendre connaissance nos derniers r\u00e9sultats trimestriels ? <a href=\"https:\/\/investor.manpower.com\/investor-overview\" target=\"_blank\" rel=\"noopener noreferrer\">Cliquez ici<\/a>.<\/p>\n<p><span style=\"font-weight: 400;\">Vous pouvez \u00e9galement suivre notre cotation en Bourse. ManpowerGroup est cot\u00e9 \u00e0 la bourse de New York (NYSE: MAN) avec le symbole MAN. <a href=\"http:\/\/investor.manpower.com\/\" target=\"_blank\" rel=\"noopener noreferrer\">Cliquez ici<\/a> pour d\u00e9couvrir la cotation du moment.<\/span><\/p>\n<p><a href=\"https:\/\/yearinreview.manpowergroup.com\/\" target=\"_blank\" rel=\"noopener noreferrer\">Cliquez ici<\/a>\u00a0pour d\u00e9couvrir le dernier rapport annuel de ManpowerGroup International.<\/p>\n<p>&nbsp;<\/p>\n<p style=\"text-align: center;\"><iframe src=\"https:\/\/www.youtube.com\/embed\/pczNz3yo_KE\" width=\"560\" height=\"315\" frameborder=\"0\" allowfullscreen=\"allowfullscreen\"><\/iframe><\/p>\n","protected":false},"excerpt":{"rendered":"<p>Donn\u00e9es financi\u00e8res ManpowerGroup vous invite \u00e0 prendre connaissance de ses r\u00e9sultats financiers. Envie de prendre connaissance nos derniers r\u00e9sultats trimestriels ? Cliquez ici. Vous pouvez \u00e9galement<span class=\"excerpt-hellip\"> [\u2026]<\/span><\/p>\n","protected":false},"author":4,"featured_media":0,"parent":0,"menu_order":0,"comment_status":"closed","ping_status":"closed","template":"","meta":{"footnotes":""},"class_list":["post-168","page","type-page","status-publish","hentry"],"_links":{"self":[{"href":"https:\/\/manpowergroup.be\/fr\/wp-json\/wp\/v2\/pages\/168","targetHints":{"allow":["GET"]}}],"collection":[{"href":"https:\/\/manpowergroup.be\/fr\/wp-json\/wp\/v2\/pages"}],"about":[{"href":"https:\/\/manpowergroup.be\/fr\/wp-json\/wp\/v2\/types\/page"}],"author":[{"embeddable":true,"href":"https:\/\/manpowergroup.be\/fr\/wp-json\/wp\/v2\/users\/4"}],"replies":[{"embeddable":true,"href":"https:\/\/manpowergroup.be\/fr\/wp-json\/wp\/v2\/comments?post=168"}],"version-history":[{"count":14,"href":"https:\/\/manpowergroup.be\/fr\/wp-json\/wp\/v2\/pages\/168\/revisions"}],"predecessor-version":[{"id":8533,"href":"https:\/\/manpowergroup.be\/fr\/wp-json\/wp\/v2\/pages\/168\/revisions\/8533"}],"wp:attachment":[{"href":"https:\/\/manpowergroup.be\/fr\/wp-json\/wp\/v2\/media?parent=168"}],"curies":[{"name":"wp","href":"https:\/\/api.w.org\/{rel}","templated":true}]}}