{"id":166,"date":"2017-03-02T15:29:50","date_gmt":"2017-03-02T14:29:50","guid":{"rendered":"http:\/\/blog.manpowergroup.be\/?page_id=166"},"modified":"2025-09-25T10:03:40","modified_gmt":"2025-09-25T08:03:40","slug":"faits-chiffres","status":"publish","type":"page","link":"https:\/\/manpowergroup.be\/fr\/faits-chiffres\/","title":{"rendered":"Faits &#038; Chiffres"},"content":{"rendered":"<h1>Faits &amp; Chiffres<\/h1>\n<p>ManpowerGroup\u00ae\u202fest un des plus grands acteurs du monde du travail dans le monde. Avec des agences pr\u00e9sentes dans plus\u202fde <strong>70 pays et territoires, 28.000 collaborateurs.trices et 400.000 clients<\/strong>, nous cr\u00e9ons chaque ann\u00e9e des opportunit\u00e9s d&#8217;emploi pour 600.000 personnes\u202f! Nous apportons ainsi continuellement des solutions innovantes pour le monde du travail.<\/p>\n<p>&gt;\u00a0<a href=\"https:\/\/manpowergroup.be\/wp-content\/uploads\/2025\/09\/FactsFigures_2025_BEFR.pdf\" target=\"_blank\" rel=\"noopener noreferrer\">T\u00e9l\u00e9charger notre factsheet en fran\u00e7ais<\/a><\/p>\n<p>&nbsp;<\/p>\n<h2>ManpowerGroup au niveau mondial<\/h2>\n<p>&nbsp;<\/p>\n<h2><img fetchpriority=\"high\" decoding=\"async\" class=\"alignnone wp-image-14088 size-full\" src=\"https:\/\/manpowergroup.be\/wp-content\/uploads\/2025\/04\/MPG-Facts-Figures-Global-2025-FR-1.png\" alt=\"\" width=\"1000\" height=\"562\" srcset=\"https:\/\/manpowergroup.be\/wp-content\/uploads\/2025\/04\/MPG-Facts-Figures-Global-2025-FR-1.png 1000w, https:\/\/manpowergroup.be\/wp-content\/uploads\/2025\/04\/MPG-Facts-Figures-Global-2025-FR-1-300x169.png 300w, https:\/\/manpowergroup.be\/wp-content\/uploads\/2025\/04\/MPG-Facts-Figures-Global-2025-FR-1-768x432.png 768w, https:\/\/manpowergroup.be\/wp-content\/uploads\/2025\/04\/MPG-Facts-Figures-Global-2025-FR-1-260x146.png 260w, https:\/\/manpowergroup.be\/wp-content\/uploads\/2025\/04\/MPG-Facts-Figures-Global-2025-FR-1-50x28.png 50w, https:\/\/manpowergroup.be\/wp-content\/uploads\/2025\/04\/MPG-Facts-Figures-Global-2025-FR-1-133x75.png 133w\" sizes=\"(max-width: 1000px) 100vw, 1000px\" \/><\/h2>\n<h2>ManpowerGroup en Belgique<\/h2>\n<p>&nbsp;<\/p>\n<h2><img decoding=\"async\" class=\"alignnone wp-image-14091 size-large\" src=\"https:\/\/manpowergroup.be\/wp-content\/uploads\/2025\/04\/MPG-Facts-Figures-Belgium-2025-FR-1024x578.png\" alt=\"\" width=\"1024\" height=\"578\" srcset=\"https:\/\/manpowergroup.be\/wp-content\/uploads\/2025\/04\/MPG-Facts-Figures-Belgium-2025-FR-1024x578.png 1024w, https:\/\/manpowergroup.be\/wp-content\/uploads\/2025\/04\/MPG-Facts-Figures-Belgium-2025-FR-300x169.png 300w, https:\/\/manpowergroup.be\/wp-content\/uploads\/2025\/04\/MPG-Facts-Figures-Belgium-2025-FR-768x433.png 768w, https:\/\/manpowergroup.be\/wp-content\/uploads\/2025\/04\/MPG-Facts-Figures-Belgium-2025-FR-260x146.png 260w, https:\/\/manpowergroup.be\/wp-content\/uploads\/2025\/04\/MPG-Facts-Figures-Belgium-2025-FR-50x28.png 50w, https:\/\/manpowergroup.be\/wp-content\/uploads\/2025\/04\/MPG-Facts-Figures-Belgium-2025-FR-133x75.png 133w, https:\/\/manpowergroup.be\/wp-content\/uploads\/2025\/04\/MPG-Facts-Figures-Belgium-2025-FR.png 1143w\" sizes=\"(max-width: 1024px) 100vw, 1024px\" \/><\/h2>\n<h2>Histoire<\/h2>\n<p>Depuis l\u2019ouverture de la <strong>premi\u00e8re agence d\u2019int\u00e9rim<\/strong> \u00e0 Milwaukee aux Etats-Unis en 1948, jusqu\u2019\u00e0 la cr\u00e9ation et au d\u00e9veloppement de notre famille de marques pour r\u00e9pondre \u00e0 l\u2019av\u00e8nement du Human Age, cela fait d\u00e9j\u00e0 <strong>plus de<\/strong> <strong>70 ans<\/strong> que ManpowerGroup est une <strong>r\u00e9f\u00e9rence dans le monde du travail et des ressources humaines<\/strong>.<\/p>\n<p>D\u00e9couvrez les<strong> principales \u00e9tapes<\/strong> de notre histoire :\u00a0<a href=\"https:\/\/www.manpowergroup.com\/about\/manpowergroup-history\" target=\"_blank\" rel=\"noopener noreferrer\">http:\/\/www.manpowergroup.com\/about\/manpowergroup-history<\/a><\/p>\n<p><img decoding=\"async\" class=\"aligncenter wp-image-502 \" src=\"https:\/\/manpowergroup.be\/wp-content\/uploads\/2017\/03\/1948.jpg\" alt=\"\" width=\"562\" height=\"354\" srcset=\"https:\/\/manpowergroup.be\/wp-content\/uploads\/2017\/03\/1948.jpg 792w, https:\/\/manpowergroup.be\/wp-content\/uploads\/2017\/03\/1948-300x189.jpg 300w, https:\/\/manpowergroup.be\/wp-content\/uploads\/2017\/03\/1948-768x485.jpg 768w, https:\/\/manpowergroup.be\/wp-content\/uploads\/2017\/03\/1948-231x146.jpg 231w, https:\/\/manpowergroup.be\/wp-content\/uploads\/2017\/03\/1948-50x32.jpg 50w, https:\/\/manpowergroup.be\/wp-content\/uploads\/2017\/03\/1948-119x75.jpg 119w\" sizes=\"(max-width: 562px) 100vw, 562px\" \/><\/p>\n<p>&nbsp;<\/p>\n<p style=\"text-align: center;\"><iframe src=\"https:\/\/www.youtube.com\/embed\/MowMK7xDBf0\" width=\"560\" height=\"315\" frameborder=\"0\" allowfullscreen=\"allowfullscreen\"><\/iframe><\/p>\n<p>&nbsp;<\/p>\n<h2>Distinctions<\/h2>\n","protected":false},"excerpt":{"rendered":"<p>Faits &amp; Chiffres ManpowerGroup\u00ae\u202fest un des plus grands acteurs du monde du travail dans le monde. Avec des agences pr\u00e9sentes dans plus\u202fde 70 pays et territoires,<span class=\"excerpt-hellip\"> [\u2026]<\/span><\/p>\n","protected":false},"author":4,"featured_media":0,"parent":0,"menu_order":0,"comment_status":"closed","ping_status":"closed","template":"","meta":{"footnotes":""},"class_list":["post-166","page","type-page","status-publish","hentry"],"_links":{"self":[{"href":"https:\/\/manpowergroup.be\/fr\/wp-json\/wp\/v2\/pages\/166","targetHints":{"allow":["GET"]}}],"collection":[{"href":"https:\/\/manpowergroup.be\/fr\/wp-json\/wp\/v2\/pages"}],"about":[{"href":"https:\/\/manpowergroup.be\/fr\/wp-json\/wp\/v2\/types\/page"}],"author":[{"embeddable":true,"href":"https:\/\/manpowergroup.be\/fr\/wp-json\/wp\/v2\/users\/4"}],"replies":[{"embeddable":true,"href":"https:\/\/manpowergroup.be\/fr\/wp-json\/wp\/v2\/comments?post=166"}],"version-history":[{"count":58,"href":"https:\/\/manpowergroup.be\/fr\/wp-json\/wp\/v2\/pages\/166\/revisions"}],"predecessor-version":[{"id":14959,"href":"https:\/\/manpowergroup.be\/fr\/wp-json\/wp\/v2\/pages\/166\/revisions\/14959"}],"wp:attachment":[{"href":"https:\/\/manpowergroup.be\/fr\/wp-json\/wp\/v2\/media?parent=166"}],"curies":[{"name":"wp","href":"https:\/\/api.w.org\/{rel}","templated":true}]}}