{"id":165,"date":"2017-03-02T15:29:34","date_gmt":"2017-03-02T14:29:34","guid":{"rendered":"http:\/\/blog.manpowergroup.be\/?page_id=165"},"modified":"2023-06-26T13:32:28","modified_gmt":"2023-06-26T11:32:28","slug":"vision-valeurs","status":"publish","type":"page","link":"https:\/\/manpowergroup.be\/fr\/vision-valeurs\/","title":{"rendered":"Vision &#038; Valeurs"},"content":{"rendered":"<h1>Notre vision<\/h1>\n<p>Nous sommes leader dans la cr\u00e9ation et l\u2019offre de services en ressources humaines qui permettent \u00e0 nos clients d\u2019\u00eatre gagnants dans un monde du travail en perp\u00e9tuelle \u00e9volution.<\/p>\n<p style=\"text-align: center;\"><iframe src=\"https:\/\/www.youtube.com\/embed\/zPv3sa1ps1Q\" width=\"560\" height=\"315\" frameborder=\"0\" allowfullscreen=\"allowfullscreen\"><\/iframe><\/p>\n<p>&nbsp;<\/p>\n<h1>Nos valeurs<\/h1>\n<p>Nous mettons en perspective toutes nos d\u00e9cisions sous l\u2019angle de nos 3 valeurs fondamentales.<\/p>\n","protected":false},"excerpt":{"rendered":"<p>Notre vision Nous sommes leader dans la cr\u00e9ation et l\u2019offre de services en ressources humaines qui permettent \u00e0 nos clients d\u2019\u00eatre gagnants dans un monde du<span class=\"excerpt-hellip\"> [\u2026]<\/span><\/p>\n","protected":false},"author":4,"featured_media":0,"parent":0,"menu_order":0,"comment_status":"closed","ping_status":"closed","template":"","meta":{"footnotes":""},"class_list":["post-165","page","type-page","status-publish","hentry"],"_links":{"self":[{"href":"https:\/\/manpowergroup.be\/fr\/wp-json\/wp\/v2\/pages\/165","targetHints":{"allow":["GET"]}}],"collection":[{"href":"https:\/\/manpowergroup.be\/fr\/wp-json\/wp\/v2\/pages"}],"about":[{"href":"https:\/\/manpowergroup.be\/fr\/wp-json\/wp\/v2\/types\/page"}],"author":[{"embeddable":true,"href":"https:\/\/manpowergroup.be\/fr\/wp-json\/wp\/v2\/users\/4"}],"replies":[{"embeddable":true,"href":"https:\/\/manpowergroup.be\/fr\/wp-json\/wp\/v2\/comments?post=165"}],"version-history":[{"count":17,"href":"https:\/\/manpowergroup.be\/fr\/wp-json\/wp\/v2\/pages\/165\/revisions"}],"predecessor-version":[{"id":3648,"href":"https:\/\/manpowergroup.be\/fr\/wp-json\/wp\/v2\/pages\/165\/revisions\/3648"}],"wp:attachment":[{"href":"https:\/\/manpowergroup.be\/fr\/wp-json\/wp\/v2\/media?parent=165"}],"curies":[{"name":"wp","href":"https:\/\/api.w.org\/{rel}","templated":true}]}}