{"id":156,"date":"2017-03-02T15:25:35","date_gmt":"2017-03-02T14:25:35","guid":{"rendered":"http:\/\/blog.manpowergroup.be\/?page_id=156"},"modified":"2017-04-06T15:28:14","modified_gmt":"2017-04-06T13:28:14","slug":"right-management","status":"publish","type":"page","link":"https:\/\/manpowergroup.be\/fr\/right-management\/","title":{"rendered":"Right Management"},"content":{"rendered":"<h1>Pensez-vous pouvoir am\u00e9liorer la gestion de vos talents ?<\/h1>\n<h2>Les solutions de Right Management\u00ae vous permettent d\u2019aligner votre\u00a0capital humain \u00e0 votre strat\u00e9gie.<\/h2>\n<p><strong><img decoding=\"async\" class=\"size-full wp-image-409 alignright\" src=\"http:\/\/blog.manpowergroup.be\/wp-content\/uploads\/2017\/03\/right-management.png\" alt=\"\" width=\"125\" height=\"125\" srcset=\"https:\/\/manpowergroup.be\/wp-content\/uploads\/2017\/03\/right-management.png 125w, https:\/\/manpowergroup.be\/wp-content\/uploads\/2017\/03\/right-management-50x50.png 50w, https:\/\/manpowergroup.be\/wp-content\/uploads\/2017\/03\/right-management-75x75.png 75w, https:\/\/manpowergroup.be\/wp-content\/uploads\/2017\/03\/right-management-85x85.png 85w, https:\/\/manpowergroup.be\/wp-content\/uploads\/2017\/03\/right-management-80x80.png 80w\" sizes=\"(max-width: 125px) 100vw, 125px\" \/>Faire correspondre \u00e0 la perfection les talents des entreprises \u00e0 leur strat\u00e9gie<\/strong>, voil\u00e0 un travail qui en soi requiert d\u00e9j\u00e0 beaucoup de talent. C\u2019est la mission des sp\u00e9cialistes de Right Management.<\/p>\n<p>Right Management\u00ae est le<strong> premier cabinet d\u2019outplacement<\/strong> et un <strong>leader mondial<\/strong> en solutions de gestion des talents et des carri\u00e8res. Nous aidons nos clients \u00e0 <strong>faire \u00e9voluer les talents internes<\/strong> en mettant en place des<strong> solutions sur mesure<\/strong>.<\/p>\n<p>En apportant son expertise dans la recherche de productivit\u00e9 et d\u2019optimisation des organisations, Right Management<strong> accompagne ses clients<\/strong> sur la voie du succ\u00e8s.<\/p>\n<p style=\"text-align: center;\"><iframe src=\"https:\/\/www.youtube.com\/embed\/72fNnz5MScM\" width=\"560\" height=\"315\" frameborder=\"0\" allowfullscreen=\"allowfullscreen\"><\/iframe><\/p>\n","protected":false},"excerpt":{"rendered":"<p>Pensez-vous pouvoir am\u00e9liorer la gestion de vos talents ? Les solutions de Right Management\u00ae vous permettent d\u2019aligner votre\u00a0capital humain \u00e0 votre strat\u00e9gie. Faire correspondre \u00e0 la<span class=\"excerpt-hellip\"> [\u2026]<\/span><\/p>\n","protected":false},"author":4,"featured_media":0,"parent":0,"menu_order":0,"comment_status":"closed","ping_status":"closed","template":"","meta":{"footnotes":""},"class_list":["post-156","page","type-page","status-publish","hentry"],"_links":{"self":[{"href":"https:\/\/manpowergroup.be\/fr\/wp-json\/wp\/v2\/pages\/156","targetHints":{"allow":["GET"]}}],"collection":[{"href":"https:\/\/manpowergroup.be\/fr\/wp-json\/wp\/v2\/pages"}],"about":[{"href":"https:\/\/manpowergroup.be\/fr\/wp-json\/wp\/v2\/types\/page"}],"author":[{"embeddable":true,"href":"https:\/\/manpowergroup.be\/fr\/wp-json\/wp\/v2\/users\/4"}],"replies":[{"embeddable":true,"href":"https:\/\/manpowergroup.be\/fr\/wp-json\/wp\/v2\/comments?post=156"}],"version-history":[{"count":5,"href":"https:\/\/manpowergroup.be\/fr\/wp-json\/wp\/v2\/pages\/156\/revisions"}],"predecessor-version":[{"id":453,"href":"https:\/\/manpowergroup.be\/fr\/wp-json\/wp\/v2\/pages\/156\/revisions\/453"}],"wp:attachment":[{"href":"https:\/\/manpowergroup.be\/fr\/wp-json\/wp\/v2\/media?parent=156"}],"curies":[{"name":"wp","href":"https:\/\/api.w.org\/{rel}","templated":true}]}}