{"id":155,"date":"2017-03-02T15:25:36","date_gmt":"2017-03-02T14:25:36","guid":{"rendered":"http:\/\/blog.manpowergroup.be\/?page_id=155"},"modified":"2017-09-12T16:42:54","modified_gmt":"2017-09-12T14:42:54","slug":"manpowergroup-solutions","status":"publish","type":"page","link":"https:\/\/manpowergroup.be\/fr\/manpowergroup-solutions\/","title":{"rendered":"ManpowerGroup Solutions"},"content":{"rendered":"<h1>Voulez-vous explorer de nouveaux modes d&rsquo;organisation du travail ?<\/h1>\n<h2>Le triple engagement de ManpowerGroup<sup class=\"st\">\u00ae<\/sup> Solutions : innovation, sur-mesure et garantie de r\u00e9sultats.<\/h2>\n<p><span style=\"font-weight: 400;\"><img decoding=\"async\" class=\"size-full wp-image-407 alignright\" src=\"http:\/\/blog.manpowergroup.be\/wp-content\/uploads\/2017\/03\/manpowergroup-solutions.png\" alt=\"\" width=\"125\" height=\"125\" srcset=\"https:\/\/manpowergroup.be\/wp-content\/uploads\/2017\/03\/manpowergroup-solutions.png 125w, https:\/\/manpowergroup.be\/wp-content\/uploads\/2017\/03\/manpowergroup-solutions-50x50.png 50w, https:\/\/manpowergroup.be\/wp-content\/uploads\/2017\/03\/manpowergroup-solutions-75x75.png 75w, https:\/\/manpowergroup.be\/wp-content\/uploads\/2017\/03\/manpowergroup-solutions-85x85.png 85w, https:\/\/manpowergroup.be\/wp-content\/uploads\/2017\/03\/manpowergroup-solutions-80x80.png 80w\" sizes=\"(max-width: 125px) 100vw, 125px\" \/>C\u2019est pour r\u00e9pondre \u00e0 la complexit\u00e9 croissante du monde du travail que nous avons cr\u00e9\u00e9 \u00a0ManpowerGroup Solutions. En effet, aujourd\u2019hui les entreprises sont \u00e0 la recherche de nouveaux mod\u00e8les d\u2019organisation afin d\u2019\u00eatre plus productive et plus agile dans un environnement changeant et impr\u00e9visible. ManpowerGroup Solutions s\u2019occupe d\u2019insourcing et d\u2019outsourcing de projets ou d\u2019activit\u00e9s (<strong>TBO \u2013 Talent Based Outsourcing<\/strong>), devient le point de contact central pour le recrutement de talents (<strong>RPO \u2013 Recruitment Process Outsourcing<\/strong>) ou prend en charge l\u2019enti\u00e8ret\u00e9 de la gestion de la flexibilit\u00e9 (<strong>MSP \u2013 Managed Service Provider<\/strong>).<\/span><\/p>\n<h2>Talent Based Outsourcing (TBO)<\/h2>\n<p><span style=\"font-weight: 400;\">Notre division TBO prend en charge la<strong> gestion compl\u00e8te d\u2019\u00e9quipes, de projets et d\u2019activit\u00e9s<\/strong> en augmentant l\u2019agilit\u00e9 de votre organisation. Nous vous donnons un acc\u00e8s aux bonnes comp\u00e9tences aux bons moments pour <strong>r\u00e9pondre efficacement aux besoins de vos clients<\/strong>. De cette mani\u00e8re, votre entreprise peut <strong>am\u00e9liorer sa comp\u00e9titivit\u00e9<\/strong>, en <strong>ma\u00eetrisant mieux les risques<\/strong>, en <strong>diminuant ses co\u00fbts<\/strong> et en restant parfaitement conforme \u00e0 la l\u00e9gislation. Nos solutions <\/span><span style=\"font-weight: 400;\">\u2013<\/span><span style=\"font-weight: 400;\"> toujours accompagn\u00e9es d\u2019indicateurs de performance (SLA)\u00a0&#8211;\u00a0<\/span><span style=\"font-weight: 400;\">couvrent de nombreux domaines et secteurs, dans l\u2019industrie, la logistique, de la vente et des services. <\/span><\/p>\n<h2>Recruitment Process Outsourcing (RPO)<\/h2>\n<p><span style=\"font-weight: 400;\">Nos consultants RPO mettent en place des strat\u00e9gies de sourcing et d\u2019attraction des talents innovantes tout en optimisant les co\u00fbts. Il peut s\u2019agit d\u2019une externalisation compl\u00e8te ou partielle de votre cellule de recrutement ou d\u2019un projet ponctuel de recrutement d\u2019un grand nombre de candidats. Nous vous aidons \u00e0 <strong>trouver les meilleurs talents<\/strong>, en leur offrant une exp\u00e9rience de recrutement diff\u00e9rente. Notre division RPO est class\u00e9e <strong>leader mondial de recrutement externalis\u00e9<\/strong> pour la 5e ann\u00e9e cons\u00e9cutive par les associations professionnelles Everest Group et NelsonHall hall.<\/span><\/p>\n<h2>Managed Service Provider (MSP)<\/h2>\n<p><span style=\"font-weight: 400;\">TAPFIN, notre division sp\u00e9cialis\u00e9e dans les services MSP (Managed Service Provider), propose aux entreprises de <strong>prendre en charge la gestion compl\u00e8te de leur flexibilit\u00e9 RH<\/strong> : int\u00e9rim, sous-traitants, consultants externes, free-lances, stagiaires, etc. En confiant cette mission \u00e0 nos experts, vous b\u00e9n\u00e9ficiez de comp\u00e9tences pour <strong>optimiser l\u2019ensemble des processus de recrutement<\/strong>, <strong>identifier les fournisseurs les plus performants<\/strong> (neutral vendoring) et <strong>r\u00e9duire vos co\u00fbts<\/strong>. \u00a0TAPFIN est leader mondial du MSP, class\u00e9 <strong>n\u00b01 des prestataires neutral-vendor MSP<\/strong> par les associations professionnelles NelsonHall et Everest Group. \u00a0<\/span><\/p>\n","protected":false},"excerpt":{"rendered":"<p>Voulez-vous explorer de nouveaux modes d&rsquo;organisation du travail ? Le triple engagement de ManpowerGroup\u00ae Solutions : innovation, sur-mesure et garantie de r\u00e9sultats. C\u2019est pour r\u00e9pondre \u00e0<span class=\"excerpt-hellip\"> [\u2026]<\/span><\/p>\n","protected":false},"author":4,"featured_media":0,"parent":0,"menu_order":0,"comment_status":"closed","ping_status":"closed","template":"","meta":{"footnotes":""},"class_list":["post-155","page","type-page","status-publish","hentry"],"_links":{"self":[{"href":"https:\/\/manpowergroup.be\/fr\/wp-json\/wp\/v2\/pages\/155","targetHints":{"allow":["GET"]}}],"collection":[{"href":"https:\/\/manpowergroup.be\/fr\/wp-json\/wp\/v2\/pages"}],"about":[{"href":"https:\/\/manpowergroup.be\/fr\/wp-json\/wp\/v2\/types\/page"}],"author":[{"embeddable":true,"href":"https:\/\/manpowergroup.be\/fr\/wp-json\/wp\/v2\/users\/4"}],"replies":[{"embeddable":true,"href":"https:\/\/manpowergroup.be\/fr\/wp-json\/wp\/v2\/comments?post=155"}],"version-history":[{"count":12,"href":"https:\/\/manpowergroup.be\/fr\/wp-json\/wp\/v2\/pages\/155\/revisions"}],"predecessor-version":[{"id":1177,"href":"https:\/\/manpowergroup.be\/fr\/wp-json\/wp\/v2\/pages\/155\/revisions\/1177"}],"wp:attachment":[{"href":"https:\/\/manpowergroup.be\/fr\/wp-json\/wp\/v2\/media?parent=155"}],"curies":[{"name":"wp","href":"https:\/\/api.w.org\/{rel}","templated":true}]}}