{"id":153,"date":"2017-03-02T15:25:40","date_gmt":"2017-03-02T14:25:40","guid":{"rendered":"http:\/\/blog.manpowergroup.be\/?page_id=153"},"modified":"2017-04-06T15:01:53","modified_gmt":"2017-04-06T13:01:53","slug":"futurskill","status":"publish","type":"page","link":"https:\/\/manpowergroup.be\/fr\/futurskill\/","title":{"rendered":"FuturSkill"},"content":{"rendered":"<h1>Comment relever les d\u00e9fis de la formation et de l&#8217;employabilit\u00e9 ?<\/h1>\n<h2>FuturSkill\u00ae r\u00e9v\u00e8le le potentiel des collaborateurs et les pr\u00e9pare \u00e0 leur m\u00e9tier de demain.<\/h2>\n<p><img decoding=\"async\" class=\"size-full wp-image-406 alignright\" src=\"http:\/\/blog.manpowergroup.be\/wp-content\/uploads\/2017\/03\/futurskill.png\" alt=\"\" width=\"125\" height=\"125\" srcset=\"https:\/\/manpowergroup.be\/wp-content\/uploads\/2017\/03\/futurskill.png 125w, https:\/\/manpowergroup.be\/wp-content\/uploads\/2017\/03\/futurskill-50x50.png 50w, https:\/\/manpowergroup.be\/wp-content\/uploads\/2017\/03\/futurskill-75x75.png 75w, https:\/\/manpowergroup.be\/wp-content\/uploads\/2017\/03\/futurskill-85x85.png 85w, https:\/\/manpowergroup.be\/wp-content\/uploads\/2017\/03\/futurskill-80x80.png 80w\" sizes=\"(max-width: 125px) 100vw, 125px\" \/>\u00c0\u00a0l\u2019heure de la quatri\u00e8me r\u00e9volution industrielle, les entreprises doivent en permanence veiller au <strong>d\u00e9veloppement des comp\u00e9tences<\/strong>\u00a0de leurs collaborateurs. C\u2019est un d\u00e9fi majeur pour rester performant et garantir des emplois durables.<\/p>\n<p>Futurskill propose des<strong> solutions \u00a0dans le domaine de l\u2019\u00e9valuation et de la formation<\/strong>. Qu\u2019il s\u2019agisse de soft skills ou de hard skills. Online, en entreprise ou dans nos centres de formation, en s\u2019appuyant sur des m\u00e9thodologies sp\u00e9cifiques, tant pour le personnel ouvrier que pour les employ\u00e9s.<\/p>\n<p style=\"text-align: center;\"><iframe src=\"https:\/\/www.youtube.com\/embed\/AORmRFvjAI8\" width=\"560\" height=\"315\" frameborder=\"0\" allowfullscreen=\"allowfullscreen\"><\/iframe><\/p>\n<p>La <strong>Manpower Logistics Academy<\/strong> et notre<strong> Technical Academy<\/strong> forment chaque ann\u00e9e<strong> plus 2.500 personnes<\/strong>. Nos formateurs interviennent \u00e9galement dans le cadre de partenariat avec d\u2019autres organismes publics ou priv\u00e9s, en apportant du coaching ou des formations.<\/p>\n<p>FuturSkill propose aussi aux entreprises d\u2019externaliser la <strong>gestion de leurs formations<\/strong>, en leur apportant du conseil dans l\u2019\u00e9laboration de leur strat\u00e9gie de formation, en les aidant \u00e0 rationaliser leurs processus, \u00e0 <strong>optimiser leurs financement<\/strong> (subsides) et \u00e0 <strong>r\u00e9duire leurs co\u00fbts de gestion<\/strong>.<\/p>\n","protected":false},"excerpt":{"rendered":"<p>Comment relever les d\u00e9fis de la formation et de l&#8217;employabilit\u00e9 ? FuturSkill\u00ae r\u00e9v\u00e8le le potentiel des collaborateurs et les pr\u00e9pare \u00e0 leur m\u00e9tier de demain. \u00c0\u00a0l\u2019heure<span class=\"excerpt-hellip\"> [\u2026]<\/span><\/p>\n","protected":false},"author":4,"featured_media":0,"parent":0,"menu_order":0,"comment_status":"closed","ping_status":"closed","template":"","meta":{"footnotes":""},"class_list":["post-153","page","type-page","status-publish","hentry"],"_links":{"self":[{"href":"https:\/\/manpowergroup.be\/fr\/wp-json\/wp\/v2\/pages\/153","targetHints":{"allow":["GET"]}}],"collection":[{"href":"https:\/\/manpowergroup.be\/fr\/wp-json\/wp\/v2\/pages"}],"about":[{"href":"https:\/\/manpowergroup.be\/fr\/wp-json\/wp\/v2\/types\/page"}],"author":[{"embeddable":true,"href":"https:\/\/manpowergroup.be\/fr\/wp-json\/wp\/v2\/users\/4"}],"replies":[{"embeddable":true,"href":"https:\/\/manpowergroup.be\/fr\/wp-json\/wp\/v2\/comments?post=153"}],"version-history":[{"count":9,"href":"https:\/\/manpowergroup.be\/fr\/wp-json\/wp\/v2\/pages\/153\/revisions"}],"predecessor-version":[{"id":756,"href":"https:\/\/manpowergroup.be\/fr\/wp-json\/wp\/v2\/pages\/153\/revisions\/756"}],"wp:attachment":[{"href":"https:\/\/manpowergroup.be\/fr\/wp-json\/wp\/v2\/media?parent=153"}],"curies":[{"name":"wp","href":"https:\/\/api.w.org\/{rel}","templated":true}]}}