{"id":152,"date":"2017-03-02T15:25:41","date_gmt":"2017-03-02T14:25:41","guid":{"rendered":"http:\/\/blog.manpowergroup.be\/?page_id=152"},"modified":"2022-07-15T16:02:09","modified_gmt":"2022-07-15T14:02:09","slug":"experis","status":"publish","type":"page","link":"https:\/\/manpowergroup.be\/fr\/experis\/","title":{"rendered":"Experis"},"content":{"rendered":"<h1><span class=\"TextRun Highlight SCXW185489738 BCX0\" lang=\"FR-BE\" xml:lang=\"FR-BE\" data-contrast=\"none\"><span class=\"NormalTextRun SCXW185489738 BCX0\">Comment acc\u00e9l\u00e9rer la transformation digitale de votre entreprise\u202f?<\/span><\/span><span class=\"EOP SCXW185489738 BCX0\" data-ccp-props=\"{&quot;201341983&quot;:0,&quot;335559739&quot;:160,&quot;335559740&quot;:240}\">\u00a0<\/span><\/h1>\n<h2><span class=\"TextRun Highlight SCXW229160383 BCX0\" lang=\"FR-BE\" xml:lang=\"FR-BE\" data-contrast=\"auto\"><span class=\"NormalTextRun SCXW229160383 BCX0\">Experis\u00ae, leader mondial des services digitaux, se d\u00e9marque en pla\u00e7ant l&rsquo;humain au c\u0153ur de son approche<\/span><\/span><span class=\"TextRun Highlight SCXW229160383 BCX0\" lang=\"FR-BE\" xml:lang=\"FR-BE\" data-contrast=\"auto\"><span class=\"NormalTextRun SCXW229160383 BCX0\">.<\/span><\/span><span class=\"TextRun SCXW229160383 BCX0\" lang=\"FR-BE\" xml:lang=\"FR-BE\" data-contrast=\"auto\"><span class=\"NormalTextRun SCXW229160383 BCX0\">\u202f<\/span><\/span><span class=\"EOP SCXW229160383 BCX0\" data-ccp-props=\"{&quot;201341983&quot;:0,&quot;335559739&quot;:160,&quot;335559740&quot;:240}\">\u00a0<\/span><\/h2>\n<p><a href=\"http:\/\/www.experis.be\" target=\"_blank\" rel=\"noopener noreferrer\"><img decoding=\"async\" class=\"wp-image-3424 size-thumbnail alignright\" src=\"https:\/\/manpowergroup.be\/wp-content\/uploads\/2020\/04\/EXPMCB@3x-150x150.png\" alt=\"\" width=\"150\" height=\"150\" \/><\/a><\/p>\n<p><b><span data-contrast=\"auto\">Experis<\/span><\/b><b><span data-contrast=\"none\">\u00ae<\/span><\/b><b><span data-contrast=\"auto\">,<\/span><\/b><span data-contrast=\"auto\">\u00a0<\/span><span data-contrast=\"auto\">leader mondial des services digitaux, se d\u00e9marque en pla\u00e7ant l&rsquo;humain au c\u0153ur de son approche.\u202fSa connaissance approfondie \u202fen <strong>recrutement d\u2019experts, consultance, gestion de projets et impl\u00e9mentation de services<\/strong><\/span><span data-contrast=\"auto\">\u00a0permet de d\u00e9velopper des\u00a0<\/span><b><span data-contrast=\"auto\">solutions IT personnalis\u00e9es \u00e0 l&rsquo;\u00e9chelle locale et internationale.<\/span><\/b><span data-ccp-props=\"{&quot;134233117&quot;:true,&quot;134233118&quot;:true,&quot;201341983&quot;:0,&quot;335559685&quot;:284,&quot;335559737&quot;:720,&quot;335559740&quot;:276,&quot;469777462&quot;:[284,10915,11057,11482],&quot;469777927&quot;:[0,0,0,0],&quot;469777928&quot;:[1,1,1,1]}\">\u00a0<\/span><\/p>\n<p><span data-ccp-props=\"{&quot;134233117&quot;:true,&quot;134233118&quot;:true,&quot;201341983&quot;:0,&quot;335559685&quot;:284,&quot;335559737&quot;:720,&quot;335559740&quot;:276,&quot;469777462&quot;:[284,10915,11057,11482],&quot;469777927&quot;:[0,0,0,0],&quot;469777928&quot;:[1,1,1,1]}\">\u00a0<\/span><span data-contrast=\"auto\">Ce savoir-faire, coupl<\/span><span data-contrast=\"auto\">\u00e9<\/span><span data-contrast=\"auto\">\u00a0\u00e0 l&rsquo;expertise technologique acquise, positionne Experis comme le\u00a0<\/span><b><span data-contrast=\"auto\">partenaire incontournable pour relever\u00a0<\/span><\/b><b><span data-contrast=\"auto\">les d\u00e9fis li\u00e9s \u00e0 l&rsquo;infrastructure num\u00e9rique, \u00e0 la cybers\u00e9curit\u00e9 et au cloud, \u00e0 la transformation et aux\u202fapplications d&rsquo;entreprise<\/span><\/b><b><span data-contrast=\"auto\">.<\/span><\/b><span data-ccp-props=\"{&quot;134233117&quot;:true,&quot;134233118&quot;:true,&quot;201341983&quot;:0,&quot;335559685&quot;:284,&quot;335559737&quot;:720,&quot;335559740&quot;:276,&quot;469777462&quot;:[284,10915,11057,11482],&quot;469777927&quot;:[0,0,0,0],&quot;469777928&quot;:[1,1,1,1]}\">\u00a0<\/span><\/p>\n<p><span data-ccp-props=\"{&quot;134233117&quot;:true,&quot;134233118&quot;:true,&quot;201341983&quot;:0,&quot;335559685&quot;:284,&quot;335559737&quot;:720,&quot;335559740&quot;:276,&quot;469777462&quot;:[284,10915,11057,11482],&quot;469777927&quot;:[0,0,0,0],&quot;469777928&quot;:[1,1,1,1]}\">\u00a0<\/span><span data-contrast=\"none\">Son approche\u00a0<\/span><b><span data-contrast=\"none\">\u2018Talent\u00a0<\/span><\/b><b><span data-contrast=\"none\">Multiplied<\/span><\/b><b><span data-contrast=\"none\">\u2019<\/span><\/b><span data-contrast=\"none\">\u00a0permet de b\u00e2tir une communaut\u00e9 de talents poss\u00e9dant \u00e0 la fois les\u00a0<\/span><b><span data-contrast=\"none\">comp\u00e9tences techniques et le savoir-\u00eatre<\/span><\/b><span data-contrast=\"none\">\u00a0indispensables pour \u00eatre des acteurs cl\u00e9s du changement continu dans les organisations<\/span><span data-contrast=\"auto\">\u00a0<\/span><span data-ccp-props=\"{&quot;134233117&quot;:true,&quot;134233118&quot;:true,&quot;201341983&quot;:0,&quot;335559685&quot;:284,&quot;335559737&quot;:720,&quot;335559740&quot;:276,&quot;469777462&quot;:[284,10915,11057,11482],&quot;469777927&quot;:[0,0,0,0],&quot;469777928&quot;:[1,1,1,1]}\">\u00a0<\/span><\/p>\n<p><span data-contrast=\"auto\">Alors que le besoin de comp\u00e9tences informatiques s\u2019intensifie, Experis soutient, \u00e0 travers son programme de d\u00e9veloppement de carri\u00e8re <strong>MyPath\u00ae<\/strong> et sa <strong>Experis Academy<\/strong>, l\u2019\u00e9volution de ses\u202fcollaborateurs.trices\u202fainsi que le d\u00e9veloppement des entreprises et du secteur en g\u00e9n\u00e9ral.\u202f\u202f. <\/span><span data-ccp-props=\"{&quot;134233117&quot;:true,&quot;134233118&quot;:true,&quot;201341983&quot;:0,&quot;335559685&quot;:284,&quot;335559737&quot;:720,&quot;335559740&quot;:276,&quot;469777462&quot;:[284,10915,11057,11482],&quot;469777927&quot;:[0,0,0,0],&quot;469777928&quot;:[1,1,1,1]}\">\u00a0<\/span><\/p>\n<p>&nbsp;<\/p>\n<h2>Nos solutions<\/h2>\n<p><img fetchpriority=\"high\" decoding=\"async\" class=\"aligncenter size-large wp-image-4378\" src=\"https:\/\/manpowergroup.be\/wp-content\/uploads\/2021\/01\/experis-sol-1024x566.png\" alt=\"\" width=\"1024\" height=\"566\" srcset=\"https:\/\/manpowergroup.be\/wp-content\/uploads\/2021\/01\/experis-sol-1024x566.png 1024w, https:\/\/manpowergroup.be\/wp-content\/uploads\/2021\/01\/experis-sol-300x166.png 300w, https:\/\/manpowergroup.be\/wp-content\/uploads\/2021\/01\/experis-sol-768x424.png 768w, https:\/\/manpowergroup.be\/wp-content\/uploads\/2021\/01\/experis-sol-260x144.png 260w, https:\/\/manpowergroup.be\/wp-content\/uploads\/2021\/01\/experis-sol-50x28.png 50w, https:\/\/manpowergroup.be\/wp-content\/uploads\/2021\/01\/experis-sol-136x75.png 136w, https:\/\/manpowergroup.be\/wp-content\/uploads\/2021\/01\/experis-sol.png 1341w\" sizes=\"(max-width: 1024px) 100vw, 1024px\" \/><\/p>\n","protected":false},"excerpt":{"rendered":"<p>Comment acc\u00e9l\u00e9rer la transformation digitale de votre entreprise\u202f?\u00a0 Experis\u00ae, leader mondial des services digitaux, se d\u00e9marque en pla\u00e7ant l&rsquo;humain au c\u0153ur de son approche.\u202f\u00a0 Experis\u00ae,\u00a0leader mondial<span class=\"excerpt-hellip\"> [\u2026]<\/span><\/p>\n","protected":false},"author":4,"featured_media":0,"parent":0,"menu_order":0,"comment_status":"closed","ping_status":"closed","template":"","meta":{"footnotes":""},"class_list":["post-152","page","type-page","status-publish","hentry"],"_links":{"self":[{"href":"https:\/\/manpowergroup.be\/fr\/wp-json\/wp\/v2\/pages\/152","targetHints":{"allow":["GET"]}}],"collection":[{"href":"https:\/\/manpowergroup.be\/fr\/wp-json\/wp\/v2\/pages"}],"about":[{"href":"https:\/\/manpowergroup.be\/fr\/wp-json\/wp\/v2\/types\/page"}],"author":[{"embeddable":true,"href":"https:\/\/manpowergroup.be\/fr\/wp-json\/wp\/v2\/users\/4"}],"replies":[{"embeddable":true,"href":"https:\/\/manpowergroup.be\/fr\/wp-json\/wp\/v2\/comments?post=152"}],"version-history":[{"count":23,"href":"https:\/\/manpowergroup.be\/fr\/wp-json\/wp\/v2\/pages\/152\/revisions"}],"predecessor-version":[{"id":8490,"href":"https:\/\/manpowergroup.be\/fr\/wp-json\/wp\/v2\/pages\/152\/revisions\/8490"}],"wp:attachment":[{"href":"https:\/\/manpowergroup.be\/fr\/wp-json\/wp\/v2\/media?parent=152"}],"curies":[{"name":"wp","href":"https:\/\/api.w.org\/{rel}","templated":true}]}}