{"id":151,"date":"2017-03-02T15:25:43","date_gmt":"2017-03-02T14:25:43","guid":{"rendered":"http:\/\/blog.manpowergroup.be\/?page_id=151"},"modified":"2025-08-19T14:44:36","modified_gmt":"2025-08-19T12:44:36","slug":"manpower-2","status":"publish","type":"page","link":"https:\/\/manpowergroup.be\/fr\/manpower-2\/","title":{"rendered":"Manpower"},"content":{"rendered":"<h1>Comment placer la bonne personne, au bon endroit, au bon moment ?<\/h1>\n<h2>Pionnier de l\u2019int\u00e9rim, Manpower\u00ae propose des solutions en mati\u00e8re de flexibilit\u00e9 et de recrutement.<\/h2>\n<p><a href=\"http:\/\/www.manpower.be\" target=\"_blank\" rel=\"noopener noreferrer\"><img decoding=\"async\" class=\"size-full wp-image-410 alignright\" src=\"http:\/\/blog.manpowergroup.be\/wp-content\/uploads\/2017\/03\/manpower.png\" alt=\"\" width=\"125\" height=\"125\" srcset=\"https:\/\/manpowergroup.be\/wp-content\/uploads\/2017\/03\/manpower.png 125w, https:\/\/manpowergroup.be\/wp-content\/uploads\/2017\/03\/manpower-50x50.png 50w, https:\/\/manpowergroup.be\/wp-content\/uploads\/2017\/03\/manpower-75x75.png 75w, https:\/\/manpowergroup.be\/wp-content\/uploads\/2017\/03\/manpower-85x85.png 85w, https:\/\/manpowergroup.be\/wp-content\/uploads\/2017\/03\/manpower-80x80.png 80w\" sizes=\"(max-width: 125px) 100vw, 125px\" \/><\/a><\/p>\n<p><span data-contrast=\"none\">Manpower est le<\/span><b><span data-contrast=\"none\">\u202fpionnier du travail int\u00e9rimaire<\/span><\/b><span data-contrast=\"none\">. Gr\u00e2ce \u00e0 une offre de services compl\u00e8te, Manpower\u202f<\/span><b><span data-contrast=\"none\">vous aide<\/span><\/b><span data-contrast=\"none\">\u202f\u00e0 vous adapter en permanence \u00e0 un environnement changeant en vous apportant la\u202f<\/span><b><span data-contrast=\"none\">flexibilit\u00e9<\/span><\/b><span data-contrast=\"none\">\u202fdont vous avez besoin.<\/span><span data-ccp-props=\"{&quot;201341983&quot;:0,&quot;335559739&quot;:160,&quot;335559740&quot;:240}\">\u00a0<\/span><\/p>\n<p><span data-contrast=\"none\">A travers notre\u202f<\/span><b><span data-contrast=\"none\">r\u00e9seau d\u2019agences et<\/span><\/b><b><span data-contrast=\"none\">\u00a0<\/span><\/b><b><span data-contrast=\"none\">nos\u00a0<\/span><\/b><b><span data-contrast=\"none\">canaux dig<\/span><\/b><b><span data-contrast=\"none\">i<\/span><\/b><b><span data-contrast=\"none\">taux<\/span><\/b><span data-contrast=\"none\">, nos<\/span><span data-contrast=\"none\">\u00a0<\/span><span data-contrast=\"none\">consultant.e<\/span><span data-contrast=\"none\">.<\/span><span data-contrast=\"none\">s<\/span><span data-contrast=\"none\">\u00a0d\u00e9nichent chaque jour le nouveau candidat parfait\u2026ou le nouveau job parfait. Pour des\u202f<\/span><b><span data-contrast=\"none\">missions d\u2019int\u00e9rim<\/span><\/b><span data-contrast=\"none\">\u202fou des\u202f<\/span><b><span data-contrast=\"none\">postes fixes \u2013\u00a0<\/span><\/b><b><span data-contrast=\"none\">via\u00a0<\/span><\/b><b><span data-contrast=\"none\">les sp\u00e9cialistes de<\/span><\/b><b><span data-contrast=\"none\">\u00a0Manpower Professional.\u202f<\/span><\/b><span data-contrast=\"none\">\u202fPour des PME ou des entreprises internationales. Et cela, dans toutes les sp\u00e9cialisations :<strong>\u202findustrie,\u202ftechnique,\u202foffice people, supply\u202fchain\u202f&amp;\u202flogistique, retail, finance, HR, horeca &amp; events.<span class=\"TextRun Highlight SCXW133645204 BCX0\" lang=\"FR-BE\" xml:lang=\"FR-BE\" data-contrast=\"none\"><span class=\"NormalTextRun SCXW133645204 BCX0\">\u202f<\/span><\/span><span class=\"EOP SCXW133645204 BCX0\" data-ccp-props=\"{&quot;201341983&quot;:0,&quot;335559739&quot;:160,&quot;335559740&quot;:259}\">\u00a0<\/span><\/strong><\/span><strong>\u00a0<\/strong><\/p>\n<p><b><span data-contrast=\"none\">Notre division TBO<\/span><\/b><span data-contrast=\"none\">\u00a0(Talent\u00a0<\/span><span data-contrast=\"none\">Based<\/span><span data-contrast=\"none\">\u00a0Outsourcing) offre des\u00a0<\/span><b><span data-contrast=\"none\">solutions d\u2019externalisation<\/span><\/b><span data-contrast=\"none\">\u00a0focalis\u00e9es sur les talents,\u00a0<\/span><span data-contrast=\"none\">et prend en charge\u00a0<\/span><span data-contrast=\"none\">la\u00a0<\/span><b><span data-contrast=\"none\">gestion compl\u00e8te d\u2019\u00e9quipes, de projets ou d\u2019activit\u00e9s<\/span><\/b><span data-contrast=\"none\">\u00a0dans de nombreux domaines ou secteurs<\/span><span data-contrast=\"none\">.\u00a0<\/span><span data-contrast=\"none\">De cette mani\u00e8re, votre entreprise peut\u202f<\/span><b><span data-contrast=\"none\">am\u00e9liorer sa comp\u00e9titivit\u00e9<\/span><\/b><span data-contrast=\"none\">, en\u202f<\/span><b><span data-contrast=\"none\">ma\u00eetrisant mieux les risques<\/span><\/b><span data-contrast=\"none\">, en\u202f<\/span><b><span data-contrast=\"none\">diminuant ses co\u00fbts<\/span><\/b><span data-contrast=\"none\">\u202fet en restant parfaitement conforme \u00e0 la l\u00e9gislation. Nos solutions\u202f\u2013\u202ftoujours accompagn\u00e9es d\u2019indicateurs de performance (SLA)\u202f\u2013\u202fcouvrent de nombreux domaines et secteurs, dans l\u2019industrie, la logistique,\u202f la vente et les services.<\/span><span data-ccp-props=\"{&quot;201341983&quot;:0,&quot;335559739&quot;:160,&quot;335559740&quot;:240}\">\u00a0<\/span><\/p>\n<p><b><span data-contrast=\"none\">Pour d\u00e9velopper les talents et leur employabilit\u00e9\u00a0<\/span><\/b><span data-contrast=\"none\">dans un environnement en perp\u00e9tuelle \u00e9volution,\u00a0<\/span><span data-contrast=\"none\">Manpower propose des trajets de d\u00e9veloppement de comp\u00e9tences et de gestion de carri\u00e8re via son programme\u202f<\/span><a href=\"https:\/\/www.manpower.be\/fr\/mypathfr\" target=\"_blank\" rel=\"noopener\"><b><span data-contrast=\"none\">MyPath<\/span><\/b><\/a><b><span data-contrast=\"none\">\u00ae.<\/span><\/b><span data-contrast=\"none\">\u202fNous offrons \u00e9galement des solutions de formation\u202f<\/span><span data-contrast=\"none\">\u2013\u00a0<\/span><b><span data-contrast=\"none\">Manpower\u00a0<\/span><\/b><b><span data-contrast=\"none\">Logistics<\/span><\/b><b><span data-contrast=\"none\">,\u00a0<\/span><\/b><b><span data-contrast=\"none\">Technical<\/span><\/b><b><span data-contrast=\"none\">\u00a0&amp; Soft\u00a0<\/span><\/b><b><span data-contrast=\"none\">Skills<\/span><\/b><b><span data-contrast=\"none\">\u00a0<\/span><\/b><b><span data-contrast=\"none\">Academy<\/span><\/b><span data-contrast=\"none\">\u202f\u2013 via nos experts de\u202f<\/span><b><span data-contrast=\"none\">Futurskill<\/span><\/b><b><span data-contrast=\"none\">\u00ae.<\/span><\/b><span data-ccp-props=\"{&quot;201341983&quot;:0,&quot;335559739&quot;:160,&quot;335559740&quot;:240}\">\u00a0<\/span><\/p>\n<p><b><span data-contrast=\"none\">Partout o\u00f9 nous actifs, nous nous donnons le cap de d\u00e9velopper l\u2019emploi, l\u2019insertion et l\u2019employabilit\u00e9 des individus.<\/span><\/b><span data-contrast=\"none\">\u00a0Notre objectif : permettre \u00e0 nos candidats, nos int\u00e9rimaires de saisir de\u00a0<\/span><span data-contrast=\"none\">des opportunit\u00e9s d\u2019emplois et permettre aux entreprises d\u2019acc\u00e9der aux talents qui leur sont n\u00e9cessaires<\/span><span data-contrast=\"none\">\u00a0pour soutenir leur croissance<\/span><span data-contrast=\"none\">.<\/span><span data-ccp-props=\"{&quot;201341983&quot;:0,&quot;335559739&quot;:160,&quot;335559740&quot;:240}\">\u00a0<\/span><\/p>\n<p><span data-contrast=\"none\">Le saviez-vous ? Manpower met \u00e0\u202f<\/span><b><span data-contrast=\"none\">chaque minute 416 personnes\u202f<\/span><\/b><span data-contrast=\"none\">sur le march\u00e9 du travail \u00e0 travers le monde.<\/span><span data-ccp-props=\"{&quot;201341983&quot;:0,&quot;335559739&quot;:160,&quot;335559740&quot;:240}\">\u00a0<\/span><\/p>\n<p>&nbsp;<\/p>\n<p style=\"text-align: center;\"><iframe src=\"https:\/\/www.youtube.com\/embed\/HkJbBMaL5rM\" width=\"560\" height=\"315\" frameborder=\"0\" allowfullscreen=\"allowfullscreen\"><\/iframe><\/p>\n<p>&nbsp;<\/p>\n<h2>Manpower : les solutions<\/h2>\n<h3>Industry,\u202fTechnics,\u202fOffice People, Supply\u202fChain\u202f&amp;\u202fLogistics, Retail, Finance, Horeca &amp; Events.<\/h3>\n","protected":false},"excerpt":{"rendered":"<p>Comment placer la bonne personne, au bon endroit, au bon moment ? Pionnier de l\u2019int\u00e9rim, Manpower\u00ae propose des solutions en mati\u00e8re de flexibilit\u00e9 et de recrutement.<span class=\"excerpt-hellip\"> [\u2026]<\/span><\/p>\n","protected":false},"author":4,"featured_media":0,"parent":0,"menu_order":0,"comment_status":"closed","ping_status":"closed","template":"","meta":{"footnotes":""},"class_list":["post-151","page","type-page","status-publish","hentry"],"_links":{"self":[{"href":"https:\/\/manpowergroup.be\/fr\/wp-json\/wp\/v2\/pages\/151","targetHints":{"allow":["GET"]}}],"collection":[{"href":"https:\/\/manpowergroup.be\/fr\/wp-json\/wp\/v2\/pages"}],"about":[{"href":"https:\/\/manpowergroup.be\/fr\/wp-json\/wp\/v2\/types\/page"}],"author":[{"embeddable":true,"href":"https:\/\/manpowergroup.be\/fr\/wp-json\/wp\/v2\/users\/4"}],"replies":[{"embeddable":true,"href":"https:\/\/manpowergroup.be\/fr\/wp-json\/wp\/v2\/comments?post=151"}],"version-history":[{"count":28,"href":"https:\/\/manpowergroup.be\/fr\/wp-json\/wp\/v2\/pages\/151\/revisions"}],"predecessor-version":[{"id":8470,"href":"https:\/\/manpowergroup.be\/fr\/wp-json\/wp\/v2\/pages\/151\/revisions\/8470"}],"wp:attachment":[{"href":"https:\/\/manpowergroup.be\/fr\/wp-json\/wp\/v2\/media?parent=151"}],"curies":[{"name":"wp","href":"https:\/\/api.w.org\/{rel}","templated":true}]}}