{"id":141,"date":"2017-03-02T14:35:33","date_gmt":"2017-03-02T13:35:33","guid":{"rendered":"http:\/\/blog.manpowergroup.be\/?page_id=141&#038;lang=fr"},"modified":"2022-12-08T14:06:21","modified_gmt":"2022-12-08T13:06:21","slug":"nos-solutions","status":"publish","type":"page","link":"https:\/\/manpowergroup.be\/fr\/nos-solutions\/","title":{"rendered":"Nos solutions"},"content":{"rendered":"<div class=\"wpb-content-wrapper\"><p>[vc_row][vc_column][vc_column_text]<\/p>\n<h2><strong>Nos solutions<\/strong><\/h2>\n<p>ManpowerGroup imagine et impl\u00e9mente chaque jour des solutions innovantes pour le monde du travail. Nous aidons ainsi nos clients \u00e0 \u00eatre gagnants\u00a0<strong>\u00e0 l\u2019\u00e8re du Human Age, dans un environnement en perp\u00e9tuelle \u00e9volution<\/strong>. Il s\u2019agit toujours des gens et de leurs talents. Car le succ\u00e8s d\u2019une organisation d\u00e9pend avant tout des personnes qui y travaillent. Le coeur de notre m\u00e9tier consiste \u00e0 trouver les bons candidats en leur permettant de d\u00e9ployer tout leur potentiel chez nos clients.<\/p>\n<p>Les solutions de ManpowerGroup sont offertes par les marques <a href=\"https:\/\/manpower.be\/fr\"><strong>Manpower<\/strong><\/a>,\u00a0<strong><a href=\"https:\/\/experis.be\/fr\/\">Experis,<\/a>\u00a0<a href=\"https:\/\/talentsolutions.manpowergroup.com\/\">Talent Solutions<\/a><\/strong> et <a href=\"https:\/\/www.jeffersonwells.be\/fr\"><strong>Jefferson<\/strong> <strong>Wells<\/strong><\/a>. Chaque marque a son propre domaine d\u2019expertise et ensemble nos propositions couvrent tous les domaines des ressources humaines.<\/p>\n<p>&nbsp;<\/p>\n<h2><strong>Nos domaines d&rsquo;expertise<\/strong><\/h2>\n<div class=\"column one-third\"><strong><span style=\"color: #ff6600;\">TALENT RESOURCING<\/span><br \/>\n<\/strong>Nous nous assurons que nos clients disposent des talents dont ils ont besoin pour atteindre leurs objectifs commerciaux.<\/div>\n<div class=\"column one-third\"><strong><span style=\"color: #ff6600;\">TALENT MANAGEMENT<\/span><br \/>\n<\/strong>Nos clients comptent sur nous pour am\u00e9liorer la performance et l\u2019agilit\u00e9 de leur organisation.<\/div>\n<div class=\"column one-third\"><strong><span style=\"color: #ff6600;\">TALENT DEVELOPMENT<\/span><br \/>\n<\/strong>Nous aidons nos clients \u00e0 d\u00e9velopper les capacit\u00e9s de leurs talents aujourd\u2019hui et pour l\u2019avenir.<\/div>\n<p>&nbsp;<\/p>\n<h2 style=\"text-align: left;\"><strong>B\u00e2tir des strat\u00e9gies RH performantes<\/strong><\/h2>\n<div id=\"ConnectiveDocSignExtentionInstalled\" data-extension-version=\"1.0.4\"><\/div>\n<p>[\/vc_column_text][vc_single_image image=\u00a0\u00bb8865&Prime; img_size=\u00a0\u00bblarge\u00a0\u00bb alignment=\u00a0\u00bbcenter\u00a0\u00bb onclick=\u00a0\u00bbimg_link_large\u00a0\u00bb img_link_target=\u00a0\u00bb_blank\u00a0\u00bb][vc_single_image image=\u00a0\u00bb8449&Prime; img_size=\u00a0\u00bblarge\u00a0\u00bb alignment=\u00a0\u00bbcenter\u00a0\u00bb onclick=\u00a0\u00bbimg_link_large\u00a0\u00bb img_link_target=\u00a0\u00bb_blank\u00a0\u00bb][\/vc_column][\/vc_row]<\/p>\n<\/div>","protected":false},"excerpt":{"rendered":"<p>[vc_row][vc_column][vc_column_text] Nos solutions ManpowerGroup imagine et impl\u00e9mente chaque jour des solutions innovantes pour le monde du travail. Nous aidons ainsi nos clients \u00e0 \u00eatre gagnants\u00a0\u00e0 l\u2019\u00e8re<span class=\"excerpt-hellip\"> [\u2026]<\/span><\/p>\n","protected":false},"author":4,"featured_media":0,"parent":0,"menu_order":0,"comment_status":"closed","ping_status":"closed","template":"","meta":{"footnotes":""},"class_list":["post-141","page","type-page","status-publish","hentry"],"_links":{"self":[{"href":"https:\/\/manpowergroup.be\/fr\/wp-json\/wp\/v2\/pages\/141","targetHints":{"allow":["GET"]}}],"collection":[{"href":"https:\/\/manpowergroup.be\/fr\/wp-json\/wp\/v2\/pages"}],"about":[{"href":"https:\/\/manpowergroup.be\/fr\/wp-json\/wp\/v2\/types\/page"}],"author":[{"embeddable":true,"href":"https:\/\/manpowergroup.be\/fr\/wp-json\/wp\/v2\/users\/4"}],"replies":[{"embeddable":true,"href":"https:\/\/manpowergroup.be\/fr\/wp-json\/wp\/v2\/comments?post=141"}],"version-history":[{"count":45,"href":"https:\/\/manpowergroup.be\/fr\/wp-json\/wp\/v2\/pages\/141\/revisions"}],"predecessor-version":[{"id":8867,"href":"https:\/\/manpowergroup.be\/fr\/wp-json\/wp\/v2\/pages\/141\/revisions\/8867"}],"wp:attachment":[{"href":"https:\/\/manpowergroup.be\/fr\/wp-json\/wp\/v2\/media?parent=141"}],"curies":[{"name":"wp","href":"https:\/\/api.w.org\/{rel}","templated":true}]}}