{"id":119,"date":"2017-03-02T10:27:36","date_gmt":"2017-03-02T09:27:36","guid":{"rendered":"http:\/\/blog.manpowergroup.be\/?page_id=119"},"modified":"2023-06-26T13:29:02","modified_gmt":"2023-06-26T11:29:02","slug":"vos-defis","status":"publish","type":"page","link":"https:\/\/manpowergroup.be\/fr\/vos-defis\/","title":{"rendered":"Vos d\u00e9fis"},"content":{"rendered":"<div class=\"wpb-content-wrapper\"><p>[vc_row][vc_column][vc_column_text]<\/p>\n<h1>Vos d\u00e9fis<\/h1>\n<p><span data-contrast=\"none\">Le monde est plong\u00e9 dans une grande\u00a0<\/span><b><span data-contrast=\"none\">incertitud<\/span><\/b><span data-contrast=\"none\">e \u2013 et cependant les entreprises continuent \u00e0\u00a0<\/span><b><span data-contrast=\"none\">innover, \u00e0 investir, \u00e0 prendre des risques<\/span><\/b><span data-contrast=\"none\">. Elles naissent, grandissent, fusionnent et disparaissent parfois, dans un environnement \u00e9conomique qui conjugue d\u00e9fis de la performance et d\u00e9fis de la comp\u00e9titivit\u00e9 durable. Certaines semblent\u00a0<\/span><b><span data-contrast=\"none\">s\u2019adapter plus vite<\/span><\/b><span data-contrast=\"none\">\u00a0\u2013 et mieux\u00a0<\/span><b><span data-contrast=\"none\">r\u00e9ussir\u00a0<\/span><\/b><span data-contrast=\"none\">: elles savent combiner r\u00e9activit\u00e9 et strat\u00e9gie de long terme ; elles s\u2019imposent \u00e0 la fois dans une concurrence mondiale et sur des march\u00e9s locaux ; elles concilient vision et actions, croissance \u00e9conomique et d\u00e9veloppement humain, cr\u00e9ation de richesses et pr\u00e9servation de l\u2019environnement.<\/span><span data-ccp-props=\"{&quot;201341983&quot;:0,&quot;335559739&quot;:160,&quot;335559740&quot;:259}\">\u00a0<\/span><\/p>\n<p><span data-contrast=\"none\">Ces entreprises qui jouent et gagnent sur tous ces tableaux ont un point commun : elles ont totalement int\u00e9gr\u00e9 la n\u00e9cessit\u00e9 de<\/span><b><span data-contrast=\"none\">\u202ftransformation perp\u00e9tuelle de leur organisation<\/span><\/b><span data-contrast=\"none\">\u202fpour r\u00e9pondre aux mutations leurs environnements \u00e9conomique, social et soci\u00e9tal. Sous les effets conjugu\u00e9s de march\u00e9s qui se mondialisent, d\u2019une acc\u00e9l\u00e9ration du progr\u00e8s technologique qui modifie les comp\u00e9tences imm\u00e9diatement requises ou anticip\u00e9es, et d\u2019une organisation nouvelle porteuse de valeur ajout\u00e9e, elles doivent\u00a0<\/span><b><span data-contrast=\"none\">aligner leur transformation RH \u00e0 leur strat\u00e9gie business<\/span><\/b><span data-contrast=\"none\">.<\/span><span data-ccp-props=\"{&quot;201341983&quot;:2,&quot;335559739&quot;:160,&quot;335559740&quot;:336}\">\u00a0<\/span><\/p>\n<h2><span data-contrast=\"auto\">Des opportunit\u00e9s<\/span><span data-ccp-props=\"{&quot;201341983&quot;:0,&quot;335559739&quot;:160,&quot;335559740&quot;:259}\">\u00a0<\/span><\/h2>\n<p><span data-contrast=\"none\">Chez\u00a0<\/span><span data-contrast=\"none\">ManpowerGroup<\/span><span data-contrast=\"none\">, nous avons traduit ces d\u00e9fis en opportunit\u00e9s.<\/span><b><span data-contrast=\"none\">\u00a0<\/span><\/b><b><span data-contrast=\"none\">Pour vous accompagner sur l\u2019ensemble des transformations RH et digitales de votre entreprise et r\u00e9pondre aux enjeux de flexibilit\u00e9, recrutement, d\u00e9veloppement, mobilit\u00e9s professionnelles ou\u00a0<\/span><\/b><b><span data-contrast=\"none\">externationalisation<\/span><\/b><b><span data-contrast=\"none\">, nous avons cr\u00e9\u00e9 des\u00a0<\/span><\/b><b><span data-contrast=\"none\">solutions innovantes qui placent le talent au c\u0153ur de votre strat\u00e9gie.<\/span><\/b><span data-ccp-props=\"{&quot;201341983&quot;:2,&quot;335559739&quot;:160,&quot;335559740&quot;:336}\">\u00a0<\/span><\/p>\n<p><span data-contrast=\"none\">A l\u2019\u00e8re du <\/span><a href=\"https:\/\/manpowergroup.be\/fr\/2023\/01\/17\/rapport-2023-de-manpowergroup-sur-les-tendances-du-marche-du-travail-nous-sommes-entres-dans-le-new-human-age\/\"><b><span data-contrast=\"none\">Human Ag<\/span><\/b><b><span data-contrast=\"none\">e<\/span><\/b><\/a><b><span data-contrast=\"none\">\u00a0<\/span><\/b><span data-contrast=\"none\">\u2013<\/span><b><span data-contrast=\"none\">\u00a0<\/span><\/b><span data-contrast=\"none\">o\u00f9 les talents sont devenus la premi\u00e8re richesse de votre entreprise\u00a0<\/span><span data-contrast=\"none\">\u2013<\/span><span data-contrast=\"none\">\u00a0nous sommes\u00a0<\/span><b><span data-contrast=\"none\">\u00e0 vos c\u00f4t\u00e9s<\/span><\/b><span data-contrast=\"none\">\u00a0pour les d\u00e9velopper et\u00a0<\/span><b><span data-contrast=\"none\">imaginer avec vous le monde du travail du futur et b\u00e2tir ainsi votre succ\u00e8s<\/span><\/b><span data-contrast=\"none\">.<\/span><span data-ccp-props=\"{&quot;201341983&quot;:0,&quot;335559739&quot;:160,&quot;335559740&quot;:259}\">\u00a0<\/span><\/p>\n<p><span data-contrast=\"none\">Votre<\/span><span data-contrast=\"none\"> team ManpowerGroup.<\/span><\/p>\n<p><span data-ccp-props=\"{&quot;201341983&quot;:0,&quot;335559739&quot;:160,&quot;335559740&quot;:259}\">\u00a0<\/span><\/p>\n<p style=\"text-align: center;\"><iframe src=\"https:\/\/www.youtube.com\/embed\/z3ifSvGHtyE\" width=\"560\" height=\"315\" frameborder=\"0\" allowfullscreen=\"allowfullscreen\"><\/iframe><\/p>\n<h2><\/h2>\n<p>[\/vc_column_text][vc_empty_space height=\u00a0\u00bb20px\u00a0\u00bb][\/vc_column][\/vc_row][vc_row][vc_column][vc_single_image image=\u00a0\u00bb2661&Prime; img_size=\u00a0\u00bblarge\u00a0\u00bb alignment=\u00a0\u00bbcenter\u00a0\u00bb][\/vc_column][\/vc_row]<\/p>\n<div id=\"ConnectiveDocSignExtentionInstalled\" data-extension-version=\"1.0.4\"><\/div>\n<\/div>","protected":false},"excerpt":{"rendered":"<p>[vc_row][vc_column][vc_column_text] Vos d\u00e9fis Le monde est plong\u00e9 dans une grande\u00a0incertitude \u2013 et cependant les entreprises continuent \u00e0\u00a0innover, \u00e0 investir, \u00e0 prendre des risques. Elles naissent, grandissent,<span class=\"excerpt-hellip\"> [\u2026]<\/span><\/p>\n","protected":false},"author":4,"featured_media":0,"parent":0,"menu_order":0,"comment_status":"closed","ping_status":"closed","template":"","meta":{"footnotes":""},"class_list":["post-119","page","type-page","status-publish","hentry"],"_links":{"self":[{"href":"https:\/\/manpowergroup.be\/fr\/wp-json\/wp\/v2\/pages\/119","targetHints":{"allow":["GET"]}}],"collection":[{"href":"https:\/\/manpowergroup.be\/fr\/wp-json\/wp\/v2\/pages"}],"about":[{"href":"https:\/\/manpowergroup.be\/fr\/wp-json\/wp\/v2\/types\/page"}],"author":[{"embeddable":true,"href":"https:\/\/manpowergroup.be\/fr\/wp-json\/wp\/v2\/users\/4"}],"replies":[{"embeddable":true,"href":"https:\/\/manpowergroup.be\/fr\/wp-json\/wp\/v2\/comments?post=119"}],"version-history":[{"count":31,"href":"https:\/\/manpowergroup.be\/fr\/wp-json\/wp\/v2\/pages\/119\/revisions"}],"predecessor-version":[{"id":10353,"href":"https:\/\/manpowergroup.be\/fr\/wp-json\/wp\/v2\/pages\/119\/revisions\/10353"}],"wp:attachment":[{"href":"https:\/\/manpowergroup.be\/fr\/wp-json\/wp\/v2\/media?parent=119"}],"curies":[{"name":"wp","href":"https:\/\/api.w.org\/{rel}","templated":true}]}}